{"id":8798,"date":"2024-01-14T16:36:03","date_gmt":"2024-01-14T15:36:03","guid":{"rendered":"https:\/\/www.donnacoraly.it\/image-gallery\/"},"modified":"2024-01-20T12:38:35","modified_gmt":"2024-01-20T11:38:35","slug":"image-gallery","status":"publish","type":"page","link":"https:\/\/www.donnacoraly.it\/fr\/image-gallery\/","title":{"rendered":"Gallery Official"},"content":{"rendered":"[vc_row][vc_column]<h2 class=\"calluna-heading calluna-heading-single-line text-align-center \" ><span>GALLERY<\/span><\/h2>[vc_empty_space height=\u00a0\u00bb50px\u00a0\u00bb][vc_column_text]\n<p id=\"tw-target-text\" class=\"tw-data-text tw-text-large tw-ta\" dir=\"ltr\" style=\"text-align: center;\" data-placeholder=\"Traduzione\" data-ved=\"2ahUKEwifzoTjgeKDAxUSgv0HHX9lCCQQ3ewLegQICBAQ\"><span class=\"Y2IQFc\" lang=\"fr\">Parcourez la galerie pour vous perdre \u00e0 l&rsquo;int\u00e9rieur de Donna Coraly, une r\u00e9sidence situ\u00e9e \u00e0 l&rsquo;int\u00e9rieur d&rsquo;une ancienne ferme fortifi\u00e9e, th\u00e9\u00e2tre d&rsquo;\u00e9v\u00e9nements m\u00e9morables, un refuge romantique immerg\u00e9 dans la campagne sicilienne, un espace \u00ab d\u00e9tente \u00bb et un jardin bien entretenu et silencieux.<\/span><\/p>\n[\/vc_column_text][vc_empty_space height=\u00a0\u00bb50px\u00a0\u00bb][\/vc_column][\/vc_row][vc_row][vc_column width=\u00a0\u00bb1\/4&Prime;][vc_single_image image=\u00a0\u00bb5853&Prime; img_size=\u00a0\u00bb400&#215;400&Prime; onclick=\u00a0\u00bblink_image\u00a0\u00bb][vc_single_image image=\u00a0\u00bb8619&Prime; img_size=\u00a0\u00bb400X400&Prime; alignment=\u00a0\u00bbcenter\u00a0\u00bb onclick=\u00a0\u00bblink_image\u00a0\u00bb][vc_single_image image=\u00a0\u00bb8477&Prime; img_size=\u00a0\u00bb400X400&Prime; onclick=\u00a0\u00bblink_image\u00a0\u00bb][vc_single_image image=\u00a0\u00bb8428&Prime; img_size=\u00a0\u00bb400X400&Prime; onclick=\u00a0\u00bblink_image\u00a0\u00bb][vc_single_image image=\u00a0\u00bb6000&Prime; img_size=\u00a0\u00bb400X400&Prime; onclick=\u00a0\u00bblink_image\u00a0\u00bb][vc_single_image image=\u00a0\u00bb5177&Prime; img_size=\u00a0\u00bb400X400&Prime; onclick=\u00a0\u00bblink_image\u00a0\u00bb][vc_single_image image=\u00a0\u00bb4162&Prime; img_size=\u00a0\u00bb400X400&Prime; onclick=\u00a0\u00bblink_image\u00a0\u00bb][vc_single_image image=\u00a0\u00bb4548&Prime; img_size=\u00a0\u00bb400X400&Prime; onclick=\u00a0\u00bblink_image\u00a0\u00bb][\/vc_column][vc_column width=\u00a0\u00bb1\/4&Prime;][vc_single_image image=\u00a0\u00bb5728&Prime; img_size=\u00a0\u00bb400&#215;400&Prime; onclick=\u00a0\u00bblink_image\u00a0\u00bb][vc_single_image image=\u00a0\u00bb8588&Prime; img_size=\u00a0\u00bb400X400&Prime; onclick=\u00a0\u00bblink_image\u00a0\u00bb][vc_single_image image=\u00a0\u00bb8527&Prime; img_size=\u00a0\u00bb400X400&Prime; onclick=\u00a0\u00bblink_image\u00a0\u00bb][vc_single_image image=\u00a0\u00bb8040&Prime; img_size=\u00a0\u00bb400X400&Prime; onclick=\u00a0\u00bblink_image\u00a0\u00bb][vc_single_image image=\u00a0\u00bb5724&Prime; img_size=\u00a0\u00bb400X400&Prime; onclick=\u00a0\u00bblink_image\u00a0\u00bb][vc_single_image image=\u00a0\u00bb4082&Prime; img_size=\u00a0\u00bb400X400&Prime; onclick=\u00a0\u00bblink_image\u00a0\u00bb][vc_single_image image=\u00a0\u00bb4166&Prime; img_size=\u00a0\u00bb400X400&Prime; onclick=\u00a0\u00bblink_image\u00a0\u00bb][vc_single_image image=\u00a0\u00bb8570&Prime; img_size=\u00a0\u00bb400X400&Prime; onclick=\u00a0\u00bblink_image\u00a0\u00bb][\/vc_column][vc_column width=\u00a0\u00bb1\/4&Prime;][vc_single_image image=\u00a0\u00bb5746&Prime; img_size=\u00a0\u00bb400&#215;400&Prime; onclick=\u00a0\u00bblink_image\u00a0\u00bb][vc_single_image image=\u00a0\u00bb8542&Prime; img_size=\u00a0\u00bb400X400&Prime; onclick=\u00a0\u00bblink_image\u00a0\u00bb][vc_single_image image=\u00a0\u00bb8468&Prime; img_size=\u00a0\u00bb400X400&Prime; onclick=\u00a0\u00bblink_image\u00a0\u00bb][vc_single_image image=\u00a0\u00bb8025&Prime; img_size=\u00a0\u00bb400X400&Prime; onclick=\u00a0\u00bblink_image\u00a0\u00bb][vc_single_image image=\u00a0\u00bb5688&Prime; img_size=\u00a0\u00bb400X400&Prime; onclick=\u00a0\u00bblink_image\u00a0\u00bb][vc_single_image image=\u00a0\u00bb4077&Prime; img_size=\u00a0\u00bb400X400&Prime; onclick=\u00a0\u00bblink_image\u00a0\u00bb][vc_single_image image=\u00a0\u00bb4720&Prime; img_size=\u00a0\u00bb400X400&Prime; onclick=\u00a0\u00bblink_image\u00a0\u00bb][vc_single_image image=\u00a0\u00bb8523&Prime; img_size=\u00a0\u00bb400X400&Prime; onclick=\u00a0\u00bblink_image\u00a0\u00bb][\/vc_column][vc_column width=\u00a0\u00bb1\/4&Prime;][vc_single_image image=\u00a0\u00bb5096&Prime; img_size=\u00a0\u00bb400&#215;400&Prime; onclick=\u00a0\u00bblink_image\u00a0\u00bb][vc_single_image image=\u00a0\u00bb8515&Prime; img_size=\u00a0\u00bb400X400&Prime; onclick=\u00a0\u00bblink_image\u00a0\u00bb][vc_single_image image=\u00a0\u00bb8464&Prime; img_size=\u00a0\u00bb400X400&Prime; onclick=\u00a0\u00bblink_image\u00a0\u00bb][vc_single_image image=\u00a0\u00bb6020&Prime; img_size=\u00a0\u00bb400X400&Prime; onclick=\u00a0\u00bblink_image\u00a0\u00bb][vc_single_image image=\u00a0\u00bb5514&Prime; img_size=\u00a0\u00bb400X400&Prime; onclick=\u00a0\u00bblink_image\u00a0\u00bb][vc_single_image image=\u00a0\u00bb4085&Prime; img_size=\u00a0\u00bb400X400&Prime; onclick=\u00a0\u00bblink_image\u00a0\u00bb][vc_single_image image=\u00a0\u00bb4626&Prime; img_size=\u00a0\u00bb400X400&Prime; onclick=\u00a0\u00bblink_image\u00a0\u00bb][vc_single_image image=\u00a0\u00bb8519&Prime; img_size=\u00a0\u00bb400X400&Prime; onclick=\u00a0\u00bblink_image\u00a0\u00bb][\/vc_column][\/vc_row]\n","protected":false},"excerpt":{"rendered":"<p>[vc_row][vc_column][vc_empty_space height=\u00a0\u00bb50px\u00a0\u00bb][vc_column_text] Parcourez la galerie pour vous perdre \u00e0 l&rsquo;int\u00e9rieur de Donna Coraly, une r\u00e9sidence situ\u00e9e \u00e0 l&rsquo;int\u00e9rieur d&rsquo;une ancienne ferme fortifi\u00e9e, th\u00e9\u00e2tre d&rsquo;\u00e9v\u00e9nements m\u00e9morables, un refuge romantique immerg\u00e9 dans la campagne sicilienne, un espace \u00ab d\u00e9tente \u00bb et un jardin bien entretenu et silencieux. [\/vc_column_text][vc_empty_space height=\u00a0\u00bb50px\u00a0\u00bb][\/vc_column][\/vc_row][vc_row][vc_column width=\u00a0\u00bb1\/4&Prime;][vc_single_image image=\u00a0\u00bb5853&Prime; img_size=\u00a0\u00bb400&#215;400&Prime; onclick=\u00a0\u00bblink_image\u00a0\u00bb][vc_single_image image=\u00a0\u00bb8619&Prime; img_size=\u00a0\u00bb400X400&Prime; alignment=\u00a0\u00bbcenter\u00a0\u00bb onclick=\u00a0\u00bblink_image\u00a0\u00bb][vc_single_image [&hellip;]<\/p>\n","protected":false},"author":4,"featured_media":0,"parent":0,"menu_order":0,"comment_status":"closed","ping_status":"closed","template":"","meta":{"footnotes":""},"acf":[],"aioseo_notices":[],"_links":{"self":[{"href":"https:\/\/www.donnacoraly.it\/fr\/wp-json\/wp\/v2\/pages\/8798"}],"collection":[{"href":"https:\/\/www.donnacoraly.it\/fr\/wp-json\/wp\/v2\/pages"}],"about":[{"href":"https:\/\/www.donnacoraly.it\/fr\/wp-json\/wp\/v2\/types\/page"}],"author":[{"embeddable":true,"href":"https:\/\/www.donnacoraly.it\/fr\/wp-json\/wp\/v2\/users\/4"}],"replies":[{"embeddable":true,"href":"https:\/\/www.donnacoraly.it\/fr\/wp-json\/wp\/v2\/comments?post=8798"}],"version-history":[{"count":5,"href":"https:\/\/www.donnacoraly.it\/fr\/wp-json\/wp\/v2\/pages\/8798\/revisions"}],"predecessor-version":[{"id":8897,"href":"https:\/\/www.donnacoraly.it\/fr\/wp-json\/wp\/v2\/pages\/8798\/revisions\/8897"}],"wp:attachment":[{"href":"https:\/\/www.donnacoraly.it\/fr\/wp-json\/wp\/v2\/media?parent=8798"}],"curies":[{"name":"wp","href":"https:\/\/api.w.org\/{rel}","templated":true}]}}