{"id":8775,"date":"2021-01-02T15:48:04","date_gmt":"2021-01-02T14:48:04","guid":{"rendered":"https:\/\/www.donnacoraly.it\/cena-romantica-3\/"},"modified":"2024-03-16T12:08:02","modified_gmt":"2024-03-16T11:08:02","slug":"dcitinerante","status":"publish","type":"page","link":"https:\/\/www.donnacoraly.it\/fr\/dcitinerante\/","title":{"rendered":"DONNA CORALY ITIN\u00c9RANTE"},"content":{"rendered":"[vc_row][vc_column][vc_column_text css_animation=\u00a0\u00bbtop-to-bottom\u00a0\u00bb]\n<p style=\"text-align: center;\">Une visite guid\u00e9e en trois \u00e9tapes pour d\u00e9couvrir la Masseria Storica.<\/p>\n<p style=\"text-align: center;\">La visite :<\/p>\n<ul>\n<li style=\"text-align: left;\">1er arr\u00eat : Pierre de la Paix, en souvenir de la signature de l&rsquo;armistice de Cassibile en 1943, qui a sanctionn\u00e9 la paix entre l&rsquo;Italie et les \u00c9tats-Unis pendant la Seconde Guerre mondiale.<\/li>\n<li style=\"text-align: left;\">2\u00e8me \u00e9tape : Parc de la Paix, les \u0153uvres originales contenues dans Donna Coraly.<\/li>\n<li style=\"text-align: left;\">3e \u00e9tape : Le Baglio, l&rsquo;histoire de l&rsquo;ancienne Masseria<\/li>\n<\/ul>\n<p style=\"text-align: center;\">Toutes les \u00e9tapes sont accompagn\u00e9es d&rsquo;une d\u00e9gustation de vins siciliens et de d\u00e9lices du chef, associ\u00e9s \u00e0 la saveur unique de notre huile.<\/p>\n<h3 style=\"text-align: center;\">Le co\u00fbt est de 40,00 \u20ac par personne. Il est n\u00e9cessaire de r\u00e9server directement et \u00e0 l&rsquo;avance afin de mieux organiser l&rsquo;exp\u00e9rience.<br \/>\n+39 3457018083 &#8211; reservations@donnacoraly.it<\/h3>\n[\/vc_column_text][\/vc_column][\/vc_row][vc_row full_width=\u00a0\u00bbstretch_row_content\u00a0\u00bb][vc_column css=\u00a0\u00bb.vc_custom_1705406600110{background: #f9f7f1 url(https:\/\/www.donnacoraly.it\/wp-content\/uploads\/bg-col4.png?id=2587) !important;}\u00a0\u00bb]<h2 class=\"calluna-heading calluna-heading-single-line text-align-center \" ><span>CONTACTS<\/span><\/h2>[vc_column_text css_animation=\u00a0\u00bbtop-to-bottom\u00a0\u00bb]\n<p style=\"text-align: center;\">Demande d\u2019information<\/p>\n[\/vc_column_text]\n<div class=\"wpcf7 no-js\" id=\"wpcf7-f4228-o1\" lang=\"it-IT\" dir=\"ltr\">\n<div class=\"screen-reader-response\"><p role=\"status\" aria-live=\"polite\" aria-atomic=\"true\"><\/p> <ul><\/ul><\/div>\n<form action=\"\/fr\/wp-json\/wp\/v2\/pages\/8775#wpcf7-f4228-o1\" method=\"post\" class=\"wpcf7-form init\" aria-label=\"Modulo di contatto\" novalidate=\"novalidate\" data-status=\"init\">\n<div style=\"display: none;\">\n<input type=\"hidden\" name=\"_wpcf7\" value=\"4228\" \/>\n<input type=\"hidden\" name=\"_wpcf7_version\" value=\"5.8.6\" \/>\n<input type=\"hidden\" name=\"_wpcf7_locale\" value=\"it_IT\" \/>\n<input type=\"hidden\" name=\"_wpcf7_unit_tag\" value=\"wpcf7-f4228-o1\" \/>\n<input type=\"hidden\" name=\"_wpcf7_container_post\" value=\"0\" \/>\n<input type=\"hidden\" name=\"_wpcf7_posted_data_hash\" value=\"\" \/>\n<input type=\"hidden\" name=\"_wpcf7_recaptcha_response\" value=\"\" \/>\n<\/div>\n<div class=\"row\">\n  <div class=\"col-sm-4\">\n     <div class=\"form-group firstName\"><input class=\"wpcf7-form-control wpcf7-text wpcf7-validates-as-required form-control\" name=\"firstName\" type=\"text\" value=\"\" placeholder=\"PR\u00c9NOM\" aria-invalid=\"false\" aria-required=\"true\" required><\/div>\n  <\/div>\n  <div class=\"col-sm-4\">\n     <div class=\"form-group your-email\"><input class=\"wpcf7-form-control wpcf7-email wpcf7-validates-as-required wpcf7-text wpcf7-validates-as-email form-control\" name=\"your-email\" type=\"email\" value=\"\" placeholder=\"E-MAIL\" aria-invalid=\"false\" aria-required=\"true\" required><\/div> \n  <\/div>\n  <div class=\"col-sm-4\">\n     <div class=\"form-group telefono\"><input class=\"wpcf7-form-control wpcf7-text wpcf7-validates-as-required form-control\" name=\"telefono\" type=\"text\" value=\"\" placeholder=\"T\u00e9l\u00e9phone\" aria-invalid=\"false\" aria-required=\"true\" required><\/div>\n  <\/div>\n<\/div>\n\n<div class=\"row\">\n  <div class=\"col-sm-12\">\n<div class=\"form-group Message\"><textarea class=\"wpcf7-form-control wpcf7-textarea wpcf7-validates-as-required form-control\" name=\"Message\" rows=\"4\" placeholder=\"DEMANDE\" aria-invalid=\"false\" aria-required=\"true\" required><\/textarea><\/div>\n  <\/div>\n<\/div>\n\n<div class=\"row\">\n  <div class=\"col-sm-6\">\n<div class=\"form-group wpcf7-form-control wpcf7-acceptance acceptance-459\"><div class=\"checkbox wpcf7-form-control wpcf7-acceptance acceptance-459\"><label ><input name=\"acceptance-459\" type=\"checkbox\" value=\"1\" aria-invalid=\"false\">J'ai lu et j'accepte le traitement des donn\u00e9es<\/label><\/div><\/div>\n  <\/div>\n  <div class=\"col-sm-6\">\n    <div class=\"btn-primary-container\">\n     <div class=\"form-group\"><div><input class=\"wpcf7-form-control wpcf7-submit btn btn-primary style-1\" type=\"submit\" value=\"Envoyer demande\"><\/div><\/div>\n    <\/div>\n  <\/div>\n<\/div><div class=\"wpcf7-response-output alert alert-warning\"><\/div>\n<\/form>\n<\/div>\n[\/vc_column][\/vc_row]\n","protected":false},"excerpt":{"rendered":"<p>[vc_row][vc_column][vc_column_text css_animation=\u00a0\u00bbtop-to-bottom\u00a0\u00bb] Une visite guid\u00e9e en trois \u00e9tapes pour d\u00e9couvrir la Masseria Storica. La visite : 1er arr\u00eat : Pierre de la Paix, en souvenir de la signature de l&rsquo;armistice de Cassibile en 1943, qui a sanctionn\u00e9 la paix entre l&rsquo;Italie et les \u00c9tats-Unis pendant la Seconde Guerre mondiale. 2\u00e8me \u00e9tape : Parc de la [&hellip;]<\/p>\n","protected":false},"author":2,"featured_media":4166,"parent":0,"menu_order":0,"comment_status":"closed","ping_status":"closed","template":"","meta":{"footnotes":""},"acf":[],"aioseo_notices":[],"_links":{"self":[{"href":"https:\/\/www.donnacoraly.it\/fr\/wp-json\/wp\/v2\/pages\/8775"}],"collection":[{"href":"https:\/\/www.donnacoraly.it\/fr\/wp-json\/wp\/v2\/pages"}],"about":[{"href":"https:\/\/www.donnacoraly.it\/fr\/wp-json\/wp\/v2\/types\/page"}],"author":[{"embeddable":true,"href":"https:\/\/www.donnacoraly.it\/fr\/wp-json\/wp\/v2\/users\/2"}],"replies":[{"embeddable":true,"href":"https:\/\/www.donnacoraly.it\/fr\/wp-json\/wp\/v2\/comments?post=8775"}],"version-history":[{"count":8,"href":"https:\/\/www.donnacoraly.it\/fr\/wp-json\/wp\/v2\/pages\/8775\/revisions"}],"predecessor-version":[{"id":9226,"href":"https:\/\/www.donnacoraly.it\/fr\/wp-json\/wp\/v2\/pages\/8775\/revisions\/9226"}],"wp:featuredmedia":[{"embeddable":true,"href":"https:\/\/www.donnacoraly.it\/fr\/wp-json\/wp\/v2\/media\/4166"}],"wp:attachment":[{"href":"https:\/\/www.donnacoraly.it\/fr\/wp-json\/wp\/v2\/media?parent=8775"}],"curies":[{"name":"wp","href":"https:\/\/api.w.org\/{rel}","templated":true}]}}